{"id":7667,"date":"2023-10-26T12:12:04","date_gmt":"2023-10-26T12:12:04","guid":{"rendered":"https:\/\/borealis-communication.com\/?page_id=7667"},"modified":"2024-07-05T17:16:07","modified_gmt":"2024-07-05T17:16:07","slug":"contact","status":"publish","type":"page","link":"https:\/\/borealis-communication.com\/?page_id=7667","title":{"rendered":"Contact"},"content":{"rendered":"<p>[et_pb_section fb_built=\u00a0\u00bb1&Prime; custom_padding_last_edited=\u00a0\u00bboff|tablet\u00a0\u00bb admin_label=\u00a0\u00bbHeader\u00a0\u00bb _builder_version=\u00a0\u00bb4.22.2&Prime; use_background_color_gradient=\u00a0\u00bbon\u00a0\u00bb background_color_gradient_direction=\u00a0\u00bb90deg\u00a0\u00bb background_color_gradient_stops=\u00a0\u00bbrgba(0,0,0,0.95) 0%|rgba(0,0,0,0) 100%\u00a0\u00bb background_color_gradient_overlays_image=\u00a0\u00bbon\u00a0\u00bb background_color_gradient_start=\u00a0\u00bbrgba(0,0,0,0.95)\u00a0\u00bb background_color_gradient_end=\u00a0\u00bbrgba(0,0,0,0)\u00a0\u00bb background_image=\u00a0\u00bbhttps:\/\/borealis-communication.com\/wp-content\/uploads\/2016\/12\/blue-aurora-borealis-wallpaper-3.jpeg\u00a0\u00bb custom_padding=\u00a0\u00bb0px||0vw||false|false\u00a0\u00bb custom_padding_tablet=\u00a0\u00bb0px||12vw||false|false\u00a0\u00bb custom_padding_phone=\u00a0\u00bb0px||20vw||false|false\u00a0\u00bb locked=\u00a0\u00bboff\u00a0\u00bb global_colors_info=\u00a0\u00bb{}\u00a0\u00bb][et_pb_row custom_padding_last_edited=\u00a0\u00bbon|desktop\u00a0\u00bb _builder_version=\u00a0\u00bb4.22.2&Prime; max_width=\u00a0\u00bb1180px\u00a0\u00bb custom_margin=\u00a0\u00bb||80px||false|false\u00a0\u00bb custom_padding=\u00a0\u00bb12vw|50px|0px|50px|false|true\u00a0\u00bb custom_padding_tablet=\u00a0\u00bb12vw||||false|true\u00a0\u00bb custom_padding_phone=\u00a0\u00bb20vw||||false|false\u00a0\u00bb border_color_all=\u00a0\u00bb#e94558&Prime; border_width_left=\u00a0\u00bb2px\u00a0\u00bb border_color_left=\u00a0\u00bb#0C71C3&Prime; global_colors_info=\u00a0\u00bb{}\u00a0\u00bb][et_pb_column type=\u00a0\u00bb4_4&Prime; _builder_version=\u00a0\u00bb4.16&Prime; global_colors_info=\u00a0\u00bb{}\u00a0\u00bb][et_pb_text _builder_version=\u00a0\u00bb4.22.2&Prime; header_font=\u00a0\u00bbOswald|500||on|||||\u00a0\u00bb header_font_size=\u00a0\u00bb140px\u00a0\u00bb header_4_font=\u00a0\u00bbMerriweather||||||||\u00a0\u00bb header_4_text_color=\u00a0\u00bb#0C71C3&Prime; header_4_font_size=\u00a0\u00bb24px\u00a0\u00bb background_layout=\u00a0\u00bbdark\u00a0\u00bb header_font_size_tablet=\u00a0\u00bb80px\u00a0\u00bb header_font_size_phone=\u00a0\u00bb40px\u00a0\u00bb header_font_size_last_edited=\u00a0\u00bbon|desktop\u00a0\u00bb header_4_font_size_tablet=\u00a0\u00bb20px\u00a0\u00bb header_4_font_size_phone=\u00a0\u00bb16px\u00a0\u00bb header_4_font_size_last_edited=\u00a0\u00bbon|phone\u00a0\u00bb global_colors_info=\u00a0\u00bb{}\u00a0\u00bb]<\/p>\n<h4>Gardons contact<\/h4>\n<h1>Contact<\/h1>\n<p>[\/et_pb_text][\/et_pb_column][\/et_pb_row][et_pb_row column_structure=\u00a0\u00bb1_3,1_3,1_3&Prime; use_custom_gutter=\u00a0\u00bbon\u00a0\u00bb gutter_width=\u00a0\u00bb1&Prime; make_equal=\u00a0\u00bbon\u00a0\u00bb _builder_version=\u00a0\u00bb4.22.2&Prime; custom_margin=\u00a0\u00bb||||false|false\u00a0\u00bb custom_padding=\u00a0\u00bb0px||0px|||\u00a0\u00bb locked=\u00a0\u00bboff\u00a0\u00bb global_colors_info=\u00a0\u00bb{}\u00a0\u00bb][et_pb_column type=\u00a0\u00bb1_3&Prime; _builder_version=\u00a0\u00bb4.16&Prime; background_color=\u00a0\u00bb#ffffff\u00a0\u00bb custom_padding=\u00a0\u00bb40px|40px|60px|40px|false|true\u00a0\u00bb custom_padding_tablet=\u00a0\u00bb30px|30px|30px|30px|true|true\u00a0\u00bb custom_padding_phone=\u00a0\u00bb|20px||20px|true|true\u00a0\u00bb custom_padding_last_edited=\u00a0\u00bbon|phone\u00a0\u00bb global_colors_info=\u00a0\u00bb{}\u00a0\u00bb][et_pb_blurb title=\u00a0\u00bbAppelez moi\u00a0\u00bb use_icon=\u00a0\u00bbon\u00a0\u00bb font_icon=\u00a0\u00bb&#xe090;||divi||400&Prime; icon_color=\u00a0\u00bbrgba(0,0,0,0.95)\u00a0\u00bb image_icon_width=\u00a0\u00bb32px\u00a0\u00bb icon_alignment=\u00a0\u00bbleft\u00a0\u00bb _builder_version=\u00a0\u00bb4.22.2&Prime; header_font=\u00a0\u00bbMerriweather||||||||\u00a0\u00bb header_text_color=\u00a0\u00bb#0C71C3&Prime; header_line_height=\u00a0\u00bb1.4em\u00a0\u00bb body_font=\u00a0\u00bbRoboto|700|||||||\u00a0\u00bb body_text_color=\u00a0\u00bb#000000&Prime; body_font_size=\u00a0\u00bb16px\u00a0\u00bb body_line_height=\u00a0\u00bb1.8em\u00a0\u00bb body_font_size_tablet=\u00a0\u00bb18px\u00a0\u00bb body_font_size_phone=\u00a0\u00bb16px\u00a0\u00bb body_font_size_last_edited=\u00a0\u00bboff|desktop\u00a0\u00bb icon_font_size=\u00a0\u00bb32px\u00a0\u00bb global_colors_info=\u00a0\u00bb{}\u00a0\u00bb]<\/p>\n<p>06 47 61 92 40<\/p>\n<p>[\/et_pb_blurb][\/et_pb_column][et_pb_column type=\u00a0\u00bb1_3&Prime; _builder_version=\u00a0\u00bb4.22.2&Prime; background_color=\u00a0\u00bb#0C71C3&Prime; custom_padding=\u00a0\u00bb40px|40px|60px|40px|false|true\u00a0\u00bb custom_padding_tablet=\u00a0\u00bb30px|30px|30px|30px|true|true\u00a0\u00bb custom_padding_phone=\u00a0\u00bb|20px||20px|true|true\u00a0\u00bb custom_padding_last_edited=\u00a0\u00bbon|phone\u00a0\u00bb global_colors_info=\u00a0\u00bb{}\u00a0\u00bb][et_pb_blurb title=\u00a0\u00bbE-mail\u00a0\u00bb use_icon=\u00a0\u00bbon\u00a0\u00bb font_icon=\u00a0\u00bb&#xe076;||divi||400&Prime; icon_color=\u00a0\u00bb#ffffff\u00a0\u00bb image_icon_width=\u00a0\u00bb32px\u00a0\u00bb icon_alignment=\u00a0\u00bbleft\u00a0\u00bb _builder_version=\u00a0\u00bb4.22.2&Prime; header_font=\u00a0\u00bbMerriweather||||||||\u00a0\u00bb header_line_height=\u00a0\u00bb1.4em\u00a0\u00bb body_font=\u00a0\u00bbRoboto|700|||||||\u00a0\u00bb body_font_size=\u00a0\u00bb16px\u00a0\u00bb body_line_height=\u00a0\u00bb1.8em\u00a0\u00bb body_link_font=\u00a0\u00bb|||||||#ffffff|\u00a0\u00bb body_link_text_color=\u00a0\u00bb#ffffff\u00a0\u00bb background_layout=\u00a0\u00bbdark\u00a0\u00bb body_font_size_tablet=\u00a0\u00bb18px\u00a0\u00bb body_font_size_phone=\u00a0\u00bb16px\u00a0\u00bb body_font_size_last_edited=\u00a0\u00bbon|phone\u00a0\u00bb icon_font_size=\u00a0\u00bb32px\u00a0\u00bb locked=\u00a0\u00bboff\u00a0\u00bb global_colors_info=\u00a0\u00bb{}\u00a0\u00bb]<\/p>\n<p>contact@borealis-communication.com<\/p>\n<p>[\/et_pb_blurb][\/et_pb_column][et_pb_column type=\u00a0\u00bb1_3&Prime; _builder_version=\u00a0\u00bb4.16&Prime; custom_padding=\u00a0\u00bb40px|40px|60px|40px|false|true\u00a0\u00bb custom_padding_tablet=\u00a0\u00bb30px|30px|30px|30px|true|true\u00a0\u00bb custom_padding_phone=\u00a0\u00bb|20px||20px|true|true\u00a0\u00bb custom_padding_last_edited=\u00a0\u00bbon|phone\u00a0\u00bb global_colors_info=\u00a0\u00bb{}\u00a0\u00bb][et_pb_blurb title=\u00a0\u00bbOn peut se voir\u00a0\u00bb use_icon=\u00a0\u00bbon\u00a0\u00bb font_icon=\u00a0\u00bb&#xe081;||divi||400&Prime; icon_color=\u00a0\u00bb#ffffff\u00a0\u00bb image_icon_width=\u00a0\u00bb32px\u00a0\u00bb icon_alignment=\u00a0\u00bbleft\u00a0\u00bb _builder_version=\u00a0\u00bb4.22.2&Prime; header_font=\u00a0\u00bbMerriweather||||||||\u00a0\u00bb header_line_height=\u00a0\u00bb1.4em\u00a0\u00bb body_font=\u00a0\u00bbRoboto|700|||||||\u00a0\u00bb body_font_size=\u00a0\u00bb16px\u00a0\u00bb body_line_height=\u00a0\u00bb1.8em\u00a0\u00bb body_link_font=\u00a0\u00bb|||||||#ffffff|\u00a0\u00bb body_link_text_color=\u00a0\u00bb#ffffff\u00a0\u00bb background_layout=\u00a0\u00bbdark\u00a0\u00bb body_font_size_tablet=\u00a0\u00bb18px\u00a0\u00bb body_font_size_phone=\u00a0\u00bb16px\u00a0\u00bb body_font_size_last_edited=\u00a0\u00bbon|phone\u00a0\u00bb icon_font_size=\u00a0\u00bb32px\u00a0\u00bb locked=\u00a0\u00bboff\u00a0\u00bb global_colors_info=\u00a0\u00bb{}\u00a0\u00bb]<\/p>\n<p>Je suis sur Montlu\u00e7on mais je me d\u00e9place o\u00f9 vous voulez<\/p>\n<p>[\/et_pb_blurb][\/et_pb_column][\/et_pb_row][\/et_pb_section][et_pb_section fb_built=\u00a0\u00bb1&Prime; _builder_version=\u00a0\u00bb4.22.2&Prime; _module_preset=\u00a0\u00bbdefault\u00a0\u00bb custom_padding=\u00a0\u00bb49px|||||\u00a0\u00bb global_colors_info=\u00a0\u00bb{}\u00a0\u00bb][et_pb_row column_structure=\u00a0\u00bb1_2,1_2&Prime; _builder_version=\u00a0\u00bb4.22.2&Prime; _module_preset=\u00a0\u00bbdefault\u00a0\u00bb global_colors_info=\u00a0\u00bb{}\u00a0\u00bb][et_pb_column type=\u00a0\u00bb1_2&Prime; _builder_version=\u00a0\u00bb4.22.2&Prime; _module_preset=\u00a0\u00bbdefault\u00a0\u00bb global_colors_info=\u00a0\u00bb{}\u00a0\u00bb][et_pb_text _builder_version=\u00a0\u00bb4.22.2&Prime; _module_preset=\u00a0\u00bbdefault\u00a0\u00bb text_font=\u00a0\u00bbBakbak One|||on|||||\u00a0\u00bb text_text_color=\u00a0\u00bb#000000&Prime; text_font_size=\u00a0\u00bb88px\u00a0\u00bb text_line_height=\u00a0\u00bb1em\u00a0\u00bb text_orientation=\u00a0\u00bbcenter\u00a0\u00bb text_font_size_tablet=\u00a0\u00bb88px\u00a0\u00bb text_font_size_phone=\u00a0\u00bb52px\u00a0\u00bb text_font_size_last_edited=\u00a0\u00bbon|phone\u00a0\u00bb global_colors_info=\u00a0\u00bb{}\u00a0\u00bb]<\/p>\n<p>Quelques avis<\/p>\n<p>[\/et_pb_text][et_pb_testimonial author=\u00a0\u00bbRapha\u00ebl\u00a0\u00bb _builder_version=\u00a0\u00bb4.22.2&Prime; _module_preset=\u00a0\u00bbdefault\u00a0\u00bb global_colors_info=\u00a0\u00bb{}\u00a0\u00bb]<\/p>\n<p><span jsaction=\"lQqO9c:TvD9Pc;vp3PF:MHYjYb;Px5U0:TU3G2e\" jsowner=\"ow80\"><span jsslot=\"\"><span jscontroller=\"MZnM8e\" jsaction=\"rcuQ6b:npT2md\"><span class=\"f5axBf\" jsaction=\"g6zesc\" data-ved=\"2ahUKEwj_pMeSu4KCAxVcVaQEHd72CngQjSt6BAgBEEg\"><span data-expandable-section=\"\" tabindex=\"-1\"><span class=\"review-full-text\">Super graphiste. Tr\u00e8s bonne prise en compte des besoins et excellent rendu. Je recommande.<\/span><\/span><\/span><\/span><\/span><\/span><\/p>\n<p>[\/et_pb_testimonial][et_pb_testimonial author=\u00a0\u00bbCSI\u00a0\u00bb _builder_version=\u00a0\u00bb4.22.2&Prime; _module_preset=\u00a0\u00bbdefault\u00a0\u00bb global_colors_info=\u00a0\u00bb{}\u00a0\u00bb]<\/p>\n<p><span jsaction=\"lQqO9c:TvD9Pc;vp3PF:MHYjYb;Px5U0:TU3G2e\" jsowner=\"ow80\"><span jsslot=\"\"><span jscontroller=\"MZnM8e\" jsaction=\"rcuQ6b:npT2md\"><span class=\"f5axBf\" jsaction=\"g6zesc\" data-ved=\"2ahUKEwj_pMeSu4KCAxVcVaQEHd72CngQjSt6BAgBEEg\"><span data-expandable-section=\"\" tabindex=\"-1\"><span class=\"review-full-text\">Professionnel r\u00e9actif depuis plusieurs ann\u00e9es, je conseil fortement cette soci\u00e9t\u00e9 de communication.<\/span><\/span><\/span><\/span><\/span><\/span><\/p>\n<p>[\/et_pb_testimonial][et_pb_testimonial author=\u00a0\u00bbPenzo\u00a0\u00bb _builder_version=\u00a0\u00bb4.26.0&Prime; _module_preset=\u00a0\u00bbdefault\u00a0\u00bb hover_enabled=\u00a0\u00bb0&Prime; global_colors_info=\u00a0\u00bb{}\u00a0\u00bb sticky_enabled=\u00a0\u00bb0&Prime;]<\/p>\n<p class=\"adminReviewsItem__title\"><strong>\u00c0 saisir !!!<\/strong><\/p>\n<p class=\"adminReviewsItem__description \">Professionnel, organis\u00e9, disponible, discret, bienveillant, \u00e0 l \u00e9coute et d une gentillesse incroyable !!!<br \/>\u00c0 saisir au plus vite pour votre mariage ou \u00e9v\u00e9nements !!!<br \/>Nous avons eu le bonheur de d\u00e9couvrir l int\u00e9gralit\u00e9 de nos magnifiques photos d\u00e8s le surlendemain de notre mariage !!! Mille merci St\u00e9phane<\/p>\n<p>[\/et_pb_testimonial][\/et_pb_column][et_pb_column type=\u00a0\u00bb1_2&Prime; _builder_version=\u00a0\u00bb4.22.2&Prime; _module_preset=\u00a0\u00bbdefault\u00a0\u00bb global_colors_info=\u00a0\u00bb{}\u00a0\u00bb][et_pb_testimonial author=\u00a0\u00bbAlexia\u00a0\u00bb _builder_version=\u00a0\u00bb4.22.2&Prime; _module_preset=\u00a0\u00bbdefault\u00a0\u00bb global_colors_info=\u00a0\u00bb{}\u00a0\u00bb]<\/p>\n<p><span jsaction=\"lQqO9c:TvD9Pc;vp3PF:MHYjYb;Px5U0:TU3G2e\" jsowner=\"ow80\"><span jsslot=\"\"><span jscontroller=\"MZnM8e\" jsaction=\"rcuQ6b:npT2md\"><span class=\"f5axBf\" jsaction=\"g6zesc\" data-ved=\"2ahUKEwj_pMeSu4KCAxVcVaQEHd72CngQjSt6BAgBEEg\"><span data-expandable-section=\"\" tabindex=\"-1\"><span class=\"review-full-text\">Vous pouvez faire une confiance absolue \u00e0 St\u00e9phane, il a fait un travail admirable, ses images refl\u00e8tent parfaitement l\u2019\u00e2me de notre mariage. Il sait \u00eatre \u00e0 la fois incognito et capturer des instants pr\u00e9cieux, tout en \u00e9tant jovial et tr\u00e8s agr\u00e9able.<br \/>Les photos sont renvoy\u00e9s extr\u00eamement rapidement et c\u2019est un grand bonheur de les d\u00e9couvrir ! Encore merci pour tout St\u00e9phane !<\/span><\/span><\/span><\/span><\/span><\/span><\/p>\n<p>[\/et_pb_testimonial][et_pb_testimonial author=\u00a0\u00bbLauren\u00a0\u00bb _builder_version=\u00a0\u00bb4.22.2&Prime; _module_preset=\u00a0\u00bbdefault\u00a0\u00bb global_colors_info=\u00a0\u00bb{}\u00a0\u00bb]<\/p>\n<p><span jsaction=\"lQqO9c:TvD9Pc;vp3PF:MHYjYb;Px5U0:TU3G2e\" jsowner=\"ow80\"><span jsslot=\"\"><span jscontroller=\"MZnM8e\" jsaction=\"rcuQ6b:npT2md\"><span class=\"f5axBf\" jsaction=\"g6zesc\" data-ved=\"2ahUKEwj_pMeSu4KCAxVcVaQEHd72CngQjSt6BAgBEEg\"><span data-expandable-section=\"\" tabindex=\"-1\"><span class=\"review-full-text\">Professionnel a l \u00e9coute de vos besoins, qui r\u00e9alisera vos photos avec soin. Je vous invite \u00e0 d\u00e9couvrir son travail autant dans le graphisme que la photographie. Je le recommande sans h\u00e9sitation.<\/span><\/span><\/span><\/span><\/span><\/span><\/p>\n<p>[\/et_pb_testimonial][et_pb_testimonial author=\u00a0\u00bbElodie\u00a0\u00bb _builder_version=\u00a0\u00bb4.22.2&Prime; _module_preset=\u00a0\u00bbdefault\u00a0\u00bb global_colors_info=\u00a0\u00bb{}\u00a0\u00bb]<\/p>\n<p><span jsaction=\"lQqO9c:TvD9Pc;vp3PF:MHYjYb;Px5U0:TU3G2e\" jsowner=\"ow80\"><span jsslot=\"\"><span jscontroller=\"MZnM8e\" jsaction=\"rcuQ6b:npT2md\"><span class=\"f5axBf\" jsaction=\"g6zesc\" data-ved=\"2ahUKEwj_pMeSu4KCAxVcVaQEHd72CngQjSt6BAgBEEg\"><span data-expandable-section=\"\" tabindex=\"-1\"><span class=\"review-full-text\">St\u00e9phane a fait des photos incroyables de notre mariage, les photos sont d&rsquo;une grande qualit\u00e9. Il a su capter l&rsquo; \u00e9motion, les bons moments, tout \u00e7a avec discr\u00e9tion. Nous recommandons vivement ! Merci encore<\/span><\/span><\/span><\/span><\/span><\/span><\/p>\n<p>[\/et_pb_testimonial][et_pb_testimonial author=\u00a0\u00bbFranck\u00a0\u00bb _builder_version=\u00a0\u00bb4.26.0&Prime; _module_preset=\u00a0\u00bbdefault\u00a0\u00bb hover_enabled=\u00a0\u00bb0&Prime; global_colors_info=\u00a0\u00bb{}\u00a0\u00bb sticky_enabled=\u00a0\u00bb0&Prime;]<\/p>\n<p><span jsaction=\"lQqO9c:TvD9Pc;vp3PF:MHYjYb;Px5U0:TU3G2e\" jsowner=\"ow80\"><span jsslot=\"\"><span jscontroller=\"MZnM8e\" jsaction=\"rcuQ6b:npT2md\"><span class=\"f5axBf\" jsaction=\"g6zesc\" data-ved=\"2ahUKEwj_pMeSu4KCAxVcVaQEHd72CngQjSt6BAgBEEg\"><span data-expandable-section=\"\" tabindex=\"-1\"><span class=\"review-full-text\">St\u00e9phane est un professionnel exceptionnel, alliant cr\u00e9ativit\u00e9, comp\u00e9tence technique et professionnalisme. Ses cr\u00e9ations sont toujours de haute qualit\u00e9 et parfaitement adapt\u00e9es aux besoins du projet. Sa communication fluide et son respect des d\u00e9lais font de lui un collaborateur fiable et pr\u00e9cieux. Je recommande vivement ses services.<\/span><\/span><\/span><\/span><\/span><\/span><\/p>\n<p>[\/et_pb_testimonial][\/et_pb_column][\/et_pb_row][\/et_pb_section]<\/p>\n","protected":false},"excerpt":{"rendered":"<p>Gardons contact Contact06 47 61 92 40contact@borealis-communication.comJe suis sur Montlu\u00e7on mais je me d\u00e9place o\u00f9 vous voulezQuelques avisSuper graphiste. Tr\u00e8s bonne prise en compte des besoins et excellent rendu. Je recommande.Professionnel r\u00e9actif depuis plusieurs ann\u00e9es, je conseil fortement cette soci\u00e9t\u00e9 de communication.\u00c0 saisir !!! Professionnel, organis\u00e9, disponible, discret, bienveillant, \u00e0 l \u00e9coute et d une [&hellip;]<\/p>\n","protected":false},"author":1,"featured_media":0,"parent":0,"menu_order":0,"comment_status":"closed","ping_status":"closed","template":"","meta":{"_et_pb_use_builder":"on","_et_pb_old_content":"","_et_gb_content_width":"","footnotes":""},"class_list":["post-7667","page","type-page","status-publish","hentry"],"yoast_head":"<!-- This site is optimized with the Yoast SEO plugin v27.0 - https:\/\/yoast.com\/product\/yoast-seo-wordpress\/ -->\n<title>Contact - Borealis communication<\/title>\n<meta name=\"robots\" content=\"index, follow, max-snippet:-1, max-image-preview:large, max-video-preview:-1\" \/>\n<link rel=\"canonical\" href=\"https:\/\/borealis-communication.com\/?page_id=7667\" \/>\n<meta property=\"og:locale\" content=\"fr_FR\" \/>\n<meta property=\"og:type\" content=\"article\" \/>\n<meta property=\"og:title\" content=\"Contact - Borealis communication\" \/>\n<meta property=\"og:description\" content=\"Gardons contact Contact06 47 61 92 40contact@borealis-communication.comJe suis sur Montlu\u00e7on mais je me d\u00e9place o\u00f9 vous voulezQuelques avisSuper graphiste. Tr\u00e8s bonne prise en compte des besoins et excellent rendu. Je recommande.Professionnel r\u00e9actif depuis plusieurs ann\u00e9es, je conseil fortement cette soci\u00e9t\u00e9 de communication.\u00c0 saisir !!! Professionnel, organis\u00e9, disponible, discret, bienveillant, \u00e0 l \u00e9coute et d une [&hellip;]\" \/>\n<meta property=\"og:url\" content=\"https:\/\/borealis-communication.com\/?page_id=7667\" \/>\n<meta property=\"og:site_name\" content=\"Borealis communication\" \/>\n<meta property=\"article:publisher\" content=\"https:\/\/www.facebook.com\/borealiscommunication\/\" \/>\n<meta property=\"article:modified_time\" content=\"2024-07-05T17:16:07+00:00\" \/>\n<meta name=\"twitter:card\" content=\"summary_large_image\" \/>\n<script type=\"application\/ld+json\" class=\"yoast-schema-graph\">{\"@context\":\"https:\/\/schema.org\",\"@graph\":[{\"@type\":\"WebPage\",\"@id\":\"https:\/\/borealis-communication.com\/?page_id=7667\",\"url\":\"https:\/\/borealis-communication.com\/?page_id=7667\",\"name\":\"Contact - Borealis communication\",\"isPartOf\":{\"@id\":\"http:\/\/borealis-communication.com\/#website\"},\"datePublished\":\"2023-10-26T12:12:04+00:00\",\"dateModified\":\"2024-07-05T17:16:07+00:00\",\"breadcrumb\":{\"@id\":\"https:\/\/borealis-communication.com\/?page_id=7667#breadcrumb\"},\"inLanguage\":\"fr-FR\",\"potentialAction\":[{\"@type\":\"ReadAction\",\"target\":[\"https:\/\/borealis-communication.com\/?page_id=7667\"]}]},{\"@type\":\"BreadcrumbList\",\"@id\":\"https:\/\/borealis-communication.com\/?page_id=7667#breadcrumb\",\"itemListElement\":[{\"@type\":\"ListItem\",\"position\":1,\"name\":\"Accueil\",\"item\":\"http:\/\/borealis-communication.com\/\"},{\"@type\":\"ListItem\",\"position\":2,\"name\":\"Contact\"}]},{\"@type\":\"WebSite\",\"@id\":\"http:\/\/borealis-communication.com\/#website\",\"url\":\"http:\/\/borealis-communication.com\/\",\"name\":\"Borealis communication\",\"description\":\"Croyez en votre \u00e9toile\",\"potentialAction\":[{\"@type\":\"SearchAction\",\"target\":{\"@type\":\"EntryPoint\",\"urlTemplate\":\"http:\/\/borealis-communication.com\/?s={search_term_string}\"},\"query-input\":{\"@type\":\"PropertyValueSpecification\",\"valueRequired\":true,\"valueName\":\"search_term_string\"}}],\"inLanguage\":\"fr-FR\"}]}<\/script>\n<!-- \/ Yoast SEO plugin. -->","yoast_head_json":{"title":"Contact - Borealis communication","robots":{"index":"index","follow":"follow","max-snippet":"max-snippet:-1","max-image-preview":"max-image-preview:large","max-video-preview":"max-video-preview:-1"},"canonical":"https:\/\/borealis-communication.com\/?page_id=7667","og_locale":"fr_FR","og_type":"article","og_title":"Contact - Borealis communication","og_description":"Gardons contact Contact06 47 61 92 40contact@borealis-communication.comJe suis sur Montlu\u00e7on mais je me d\u00e9place o\u00f9 vous voulezQuelques avisSuper graphiste. Tr\u00e8s bonne prise en compte des besoins et excellent rendu. Je recommande.Professionnel r\u00e9actif depuis plusieurs ann\u00e9es, je conseil fortement cette soci\u00e9t\u00e9 de communication.\u00c0 saisir !!! Professionnel, organis\u00e9, disponible, discret, bienveillant, \u00e0 l \u00e9coute et d une [&hellip;]","og_url":"https:\/\/borealis-communication.com\/?page_id=7667","og_site_name":"Borealis communication","article_publisher":"https:\/\/www.facebook.com\/borealiscommunication\/","article_modified_time":"2024-07-05T17:16:07+00:00","twitter_card":"summary_large_image","schema":{"@context":"https:\/\/schema.org","@graph":[{"@type":"WebPage","@id":"https:\/\/borealis-communication.com\/?page_id=7667","url":"https:\/\/borealis-communication.com\/?page_id=7667","name":"Contact - Borealis communication","isPartOf":{"@id":"http:\/\/borealis-communication.com\/#website"},"datePublished":"2023-10-26T12:12:04+00:00","dateModified":"2024-07-05T17:16:07+00:00","breadcrumb":{"@id":"https:\/\/borealis-communication.com\/?page_id=7667#breadcrumb"},"inLanguage":"fr-FR","potentialAction":[{"@type":"ReadAction","target":["https:\/\/borealis-communication.com\/?page_id=7667"]}]},{"@type":"BreadcrumbList","@id":"https:\/\/borealis-communication.com\/?page_id=7667#breadcrumb","itemListElement":[{"@type":"ListItem","position":1,"name":"Accueil","item":"http:\/\/borealis-communication.com\/"},{"@type":"ListItem","position":2,"name":"Contact"}]},{"@type":"WebSite","@id":"http:\/\/borealis-communication.com\/#website","url":"http:\/\/borealis-communication.com\/","name":"Borealis communication","description":"Croyez en votre \u00e9toile","potentialAction":[{"@type":"SearchAction","target":{"@type":"EntryPoint","urlTemplate":"http:\/\/borealis-communication.com\/?s={search_term_string}"},"query-input":{"@type":"PropertyValueSpecification","valueRequired":true,"valueName":"search_term_string"}}],"inLanguage":"fr-FR"}]}},"_links":{"self":[{"href":"https:\/\/borealis-communication.com\/index.php?rest_route=\/wp\/v2\/pages\/7667","targetHints":{"allow":["GET"]}}],"collection":[{"href":"https:\/\/borealis-communication.com\/index.php?rest_route=\/wp\/v2\/pages"}],"about":[{"href":"https:\/\/borealis-communication.com\/index.php?rest_route=\/wp\/v2\/types\/page"}],"author":[{"embeddable":true,"href":"https:\/\/borealis-communication.com\/index.php?rest_route=\/wp\/v2\/users\/1"}],"replies":[{"embeddable":true,"href":"https:\/\/borealis-communication.com\/index.php?rest_route=%2Fwp%2Fv2%2Fcomments&post=7667"}],"version-history":[{"count":6,"href":"https:\/\/borealis-communication.com\/index.php?rest_route=\/wp\/v2\/pages\/7667\/revisions"}],"predecessor-version":[{"id":8103,"href":"https:\/\/borealis-communication.com\/index.php?rest_route=\/wp\/v2\/pages\/7667\/revisions\/8103"}],"wp:attachment":[{"href":"https:\/\/borealis-communication.com\/index.php?rest_route=%2Fwp%2Fv2%2Fmedia&parent=7667"}],"curies":[{"name":"wp","href":"https:\/\/api.w.org\/{rel}","templated":true}]}}